{"id":1183,"date":"2025-08-13T11:31:08","date_gmt":"2025-08-13T10:31:08","guid":{"rendered":"https:\/\/oiee.es\/?page_id=1183"},"modified":"2025-08-13T12:17:59","modified_gmt":"2025-08-13T11:17:59","slug":"declaracion-de-accesibilidad","status":"publish","type":"page","link":"https:\/\/oiee.es\/en\/declaracion-de-accesibilidad\/","title":{"rendered":"Declaraci\u00f3n de accesibilidad"},"content":{"rendered":"<div data-elementor-type=\"wp-page\" data-elementor-id=\"1183\" class=\"elementor elementor-1183\" data-elementor-post-type=\"page\">\n\t\t\t\t<div class=\"elementor-element elementor-element-15b37b28 e-flex e-con-boxed e-con e-parent\" data-id=\"15b37b28\" data-element_type=\"container\" data-e-type=\"container\">\n\t\t\t\t\t<div class=\"e-con-inner\">\n\t\t\t\t<div class=\"elementor-element elementor-element-97dbc3f elementor-widget elementor-widget-heading\" data-id=\"97dbc3f\" data-element_type=\"widget\" data-e-type=\"widget\" data-widget_type=\"heading.default\">\n\t\t\t\t<div class=\"elementor-widget-container\">\n\t\t\t\t\t<h1 class=\"elementor-heading-title elementor-size-default\">Declaraci\u00f3n de accesibilidad<\/h1>\t\t\t\t<\/div>\n\t\t\t\t<\/div>\n\t\t\t\t<div class=\"elementor-element elementor-element-5f334f00 elementor-widget elementor-widget-text-editor\" data-id=\"5f334f00\" data-element_type=\"widget\" data-e-type=\"widget\" data-widget_type=\"text-editor.default\">\n\t\t\t\t<div class=\"elementor-widget-container\">\n\t\t\t\t\t\t\t\t\t\n<p><strong>oiee.es<\/strong>\u00a0se compromete a garantizar la accesibilidad de su sitio web conforme al Real Decreto 1112\/2018, de 7 de septiembre, sobre la accesibilidad de los sitios web y aplicaciones para dispositivos m\u00f3viles del sector p\u00fablico, aplicable tambi\u00e9n a determinados sitios web de titularidad privada seg\u00fan el \u00e1mbito de aplicaci\u00f3n.<\/p>\n\n\n\n<h3 class=\"wp-block-heading\">Situaci\u00f3n de cumplimiento<\/h3>\n\n\n\n<p>Este sitio web es&nbsp;<strong>plenamente conforme<\/strong>&nbsp;con el Real Decreto 1112\/2018, ya que cumple con todos los requisitos de accesibilidad de las&nbsp;<strong>Pautas de Accesibilidad para el Contenido Web (WCAG) 2.1 en su nivel AA<\/strong>.<\/p>\n\n\n\n<h3 class=\"wp-block-heading\">Preparaci\u00f3n de esta declaraci\u00f3n de accesibilidad<\/h3>\n\n\n\n<ul class=\"wp-block-list\">\n<li>La presente declaraci\u00f3n fue preparada el\u00a0<strong>\u00a08 de agosto de 2025<\/strong>.<\/li>\n\n\n\n<li>La metodolog\u00eda empleada ha sido una\u00a0<strong>autoevaluaci\u00f3n interna<\/strong>, complementada con el uso de herramientas autom\u00e1ticas como:\n<ul class=\"wp-block-list\">\n<li>WAVE (WebAIM)<\/li>\n\n\n\n<li>Lighthouse (Chrome DevTools)<\/li>\n\n\n\n<li>WebAIM Contrast Checker<\/li>\n<\/ul>\n<\/li>\n<\/ul>\n\n\n\n<h3 class=\"wp-block-heading\">Enlace de salto al contenido<\/h3>\n\n\n\n<p>Este sitio incorpora un enlace de \u201cSaltar al contenido\u201d accesible mediante el teclado (tecla Tab), que permite al usuario ir directamente al contenido principal de cada p\u00e1gina.<\/p>\n\n\n\n<h3 class=\"wp-block-heading\">Revisi\u00f3n<\/h3>\n\n\n\n<p>Esta declaraci\u00f3n ser\u00e1 revisada de forma peri\u00f3dica para asegurar su vigencia y adaptaci\u00f3n a futuras actualizaciones del sitio web.<\/p>\n\n\n\n<h3 class=\"wp-block-heading\"><strong>Observaciones y datos de contacto<\/strong><\/h3>\n\n\n\n<p>Si encuentras alguna dificultad de acceso o quieres comunicar cualquier incumplimiento de los requisitos de accesibilidad, por favor ponte en contacto con nosotros:<\/p>\n\n\n\n<ul class=\"wp-block-list\">\n<li><strong>Correo electr\u00f3nico:<\/strong>\u00a0info@oiee.es<\/li>\n\n\n\n<li><strong>Formulario de contacto:<\/strong>\u00a0https:\/\/www.oiee.es\/contacto\/<\/li>\n<\/ul>\n\n\n\n<p>Puedes presentar:<\/p>\n\n\n\n<ul class=\"wp-block-list\">\n<li>Una\u00a0<strong>queja<\/strong>\u00a0relativa al cumplimiento de los requisitos del RD 1112\/2018.<\/li>\n\n\n\n<li>Una\u00a0<strong>solicitud de informaci\u00f3n accesible<\/strong>\u00a0relativa a contenidos que est\u00e9n excluidos del \u00e1mbito de aplicaci\u00f3n o exentos del cumplimiento por imponer una carga desproporcionada.<\/li>\n<\/ul>\n\n\n\n<h3 class=\"wp-block-heading\"><strong>Procedimiento de aplicaci\u00f3n<\/strong><\/h3>\n\n\n\n<p>Si la respuesta a tu solicitud es insatisfactoria, podr\u00e1s iniciar una reclamaci\u00f3n dirigi\u00e9ndote al organismo competente en materia de accesibilidad, de acuerdo con el procedimiento establecido en el art\u00edculo 13 del RD 1112\/2018.<\/p>\n\t\t\t\t\t\t\t\t<\/div>\n\t\t\t\t<\/div>\n\t\t\t\t\t<\/div>\n\t\t\t\t<\/div>\n\t\t\t\t<\/div>","protected":false},"excerpt":{"rendered":"<p>Declaraci\u00f3n de accesibilidad oiee.es\u00a0se compromete a garantizar la accesibilidad de su sitio web conforme al Real Decreto 1112\/2018, de 7 de septiembre, sobre la accesibilidad de los sitios web y aplicaciones para dispositivos m\u00f3viles del sector p\u00fablico, aplicable tambi\u00e9n a determinados sitios web de titularidad privada seg\u00fan el \u00e1mbito de aplicaci\u00f3n. Situaci\u00f3n de cumplimiento Este [&hellip;]<\/p>\n","protected":false},"author":2,"featured_media":0,"parent":0,"menu_order":0,"comment_status":"closed","ping_status":"closed","template":"","meta":{"_acf_changed":false,"footnotes":""},"class_list":["post-1183","page","type-page","status-publish","hentry"],"acf":[],"_links":{"self":[{"href":"https:\/\/oiee.es\/en\/wp-json\/wp\/v2\/pages\/1183","targetHints":{"allow":["GET"]}}],"collection":[{"href":"https:\/\/oiee.es\/en\/wp-json\/wp\/v2\/pages"}],"about":[{"href":"https:\/\/oiee.es\/en\/wp-json\/wp\/v2\/types\/page"}],"author":[{"embeddable":true,"href":"https:\/\/oiee.es\/en\/wp-json\/wp\/v2\/users\/2"}],"replies":[{"embeddable":true,"href":"https:\/\/oiee.es\/en\/wp-json\/wp\/v2\/comments?post=1183"}],"version-history":[{"count":4,"href":"https:\/\/oiee.es\/en\/wp-json\/wp\/v2\/pages\/1183\/revisions"}],"predecessor-version":[{"id":1222,"href":"https:\/\/oiee.es\/en\/wp-json\/wp\/v2\/pages\/1183\/revisions\/1222"}],"wp:attachment":[{"href":"https:\/\/oiee.es\/en\/wp-json\/wp\/v2\/media?parent=1183"}],"curies":[{"name":"wp","href":"https:\/\/api.w.org\/{rel}","templated":true}]}}